{"id":80,"date":"2024-02-25T17:29:10","date_gmt":"2024-02-25T17:29:10","guid":{"rendered":"https:\/\/kormix.pl\/?page_id=80"},"modified":"2024-02-25T17:58:49","modified_gmt":"2024-02-25T17:58:49","slug":"o-nas","status":"publish","type":"page","link":"https:\/\/kormix.pl\/index.php\/o-nas\/","title":{"rendered":"O nas"},"content":{"rendered":"\n<div class=\"wp-block-group is-layout-constrained wp-container-core-group-layout-5 wp-block-group-is-layout-constrained\" style=\"padding-top:0;padding-right:0;padding-bottom:0;padding-left:0\">\n<p><iframe src=\"https:\/\/www.google.com\/maps\/embed?pb=!1m18!1m12!1m3!1d2439.627520392134!2d16.952436677001117!3d52.30461475215328!2m3!1f0!2f0!3f0!3m2!1i1024!2i768!4f13.1!3m3!1m2!1s0x470450dae45ceff5%3A0x73b16a8445c262ed!2sKormix!5e0!3m2!1spl!2spl!4v1708877758635!5m2!1spl!2spl\" width=\"100%\" height=\"450\" style=\"border:0;\" allowfullscreen=\"\" loading=\"lazy\" referrerpolicy=\"no-referrer-when-downgrade\"><\/iframe><\/p>\n\n\n\n<div class=\"wp-block-group is-layout-constrained wp-container-core-group-layout-4 wp-block-group-is-layout-constrained\" style=\"margin-bottom:60px\">\n<div class=\"wp-block-columns are-vertically-aligned-top is-layout-flex wp-container-core-columns-layout-1 wp-block-columns-is-layout-flex\">\n<div class=\"wp-block-column is-vertically-aligned-top is-layout-flow wp-container-core-column-layout-1 wp-block-column-is-layout-flow\" style=\"padding-top:0;padding-bottom:0;flex-basis:60%\">\n<h2 class=\"wp-block-heading has-text-align-center\" style=\"font-style:normal;font-weight:600\">Kontakt<\/h2>\n\n\n\n<p class=\"has-text-align-center\" style=\"font-size:19px;line-height:1.7\">Poniedzia\u0142ek:  7-20<\/p>\n\n\n\n<p class=\"has-text-align-center\">Wtorek:             7-20<\/p>\n\n\n\n<p class=\"has-text-align-center\">\u015aroda:               7-20<\/p>\n\n\n\n<p class=\"has-text-align-center\">Czwartek:         7-20<\/p>\n\n\n\n<p class=\"has-text-align-center\">Pi\u0105tek:               7-20<\/p>\n\n\n\n<p class=\"has-text-align-center\">Sobota:              7-14<\/p>\n\n\n\n<p class=\"has-text-align-center\">Niedziela:          Zamkni\u0119te.<\/p>\n<\/div>\n\n\n\n<div class=\"wp-block-column is-vertically-aligned-top is-layout-flow wp-block-column-is-layout-flow\">\n<div class=\"wp-block-group is-vertical is-layout-flex wp-container-core-group-layout-1 wp-block-group-is-layout-flex\" style=\"margin-top:30px\">\n<h4 class=\"wp-block-heading has-text-align-center\">Adres:<\/h4>\n\n\n\n<p class=\"has-text-align-right has-sub-heading-color-color has-text-color\" style=\"font-size:18px;font-style:normal;font-weight:500;line-height:1.6\"><a href=\"https:\/\/maps.app.goo.gl\/KBfnjZkkxSG4yHNk9\" target=\"_blank\" rel=\"noreferrer noopener\">Daszewice ul. Pozna\u0144ska 5<\/a><\/p>\n<\/div>\n\n\n\n<div class=\"wp-block-group is-vertical is-layout-flex wp-container-core-group-layout-2 wp-block-group-is-layout-flex\" style=\"margin-top:24px\">\n<h4 class=\"wp-block-heading has-text-align-center\">Telefon:<\/h4>\n\n\n\n<p class=\"has-sub-heading-color-color has-text-color\" style=\"font-size:18px;font-style:normal;font-weight:500;line-height:1.6\">503 820 458<\/p>\n\n\n\n<p class=\"has-text-align-center is-layout-flow wp-block-paragraph-is-layout-flow\">61 893 97 56<\/p>\n<\/div>\n\n\n\n<div class=\"wp-block-group is-vertical is-layout-flex wp-container-core-group-layout-3 wp-block-group-is-layout-flex\" style=\"margin-top:24px\">\n<h4 class=\"wp-block-heading\">Email:<\/h4>\n\n\n\n<p class=\"has-text-align-center has-sub-heading-color-color has-text-color\" style=\"font-size:18px;font-style:normal;font-weight:500;line-height:1.6\">kontakt@kormix.pl<\/p>\n<\/div>\n<\/div>\n<\/div>\n<\/div>\n<\/div>\n","protected":false},"excerpt":{"rendered":"<p>Kontakt Poniedzia\u0142ek: 7-20 Wtorek: 7-20 \u015aroda: 7-20 Czwartek: 7-20 Pi\u0105tek: 7-20 Sobota: 7-14 Niedziela: Zamkni\u0119te. Adres: Daszewice ul. Pozna\u0144ska 5 Telefon: 503 820 458 61 893 97 56 Email: kontakt@kormix.pl<\/p>\n","protected":false},"author":1,"featured_media":0,"parent":0,"menu_order":0,"comment_status":"closed","ping_status":"closed","template":"page-full-width","meta":{"footnotes":""},"_links":{"self":[{"href":"https:\/\/kormix.pl\/index.php\/wp-json\/wp\/v2\/pages\/80"}],"collection":[{"href":"https:\/\/kormix.pl\/index.php\/wp-json\/wp\/v2\/pages"}],"about":[{"href":"https:\/\/kormix.pl\/index.php\/wp-json\/wp\/v2\/types\/page"}],"author":[{"embeddable":true,"href":"https:\/\/kormix.pl\/index.php\/wp-json\/wp\/v2\/users\/1"}],"replies":[{"embeddable":true,"href":"https:\/\/kormix.pl\/index.php\/wp-json\/wp\/v2\/comments?post=80"}],"version-history":[{"count":9,"href":"https:\/\/kormix.pl\/index.php\/wp-json\/wp\/v2\/pages\/80\/revisions"}],"predecessor-version":[{"id":131,"href":"https:\/\/kormix.pl\/index.php\/wp-json\/wp\/v2\/pages\/80\/revisions\/131"}],"wp:attachment":[{"href":"https:\/\/kormix.pl\/index.php\/wp-json\/wp\/v2\/media?parent=80"}],"curies":[{"name":"wp","href":"https:\/\/api.w.org\/{rel}","templated":true}]}}